{"id":1065,"date":"2026-02-03T12:14:16","date_gmt":"2026-02-03T12:14:16","guid":{"rendered":"https:\/\/theagency.mc\/politique-de-confidentialite\/"},"modified":"2026-02-26T17:19:44","modified_gmt":"2026-02-26T17:19:44","slug":"politique-de-confidentialite","status":"publish","type":"page","link":"https:\/\/theagency.mc\/fr\/politique-de-confidentialite\/","title":{"rendered":"Politique de confidentialit\u00e9"},"content":{"rendered":"\t\t<div data-elementor-type=\"wp-page\" data-elementor-id=\"1065\" class=\"elementor elementor-1065 elementor-3\" data-elementor-post-type=\"page\">\n\t\t\t\t<div class=\"elementor-element elementor-element-5401f40a e-flex e-con-boxed e-con e-parent\" data-id=\"5401f40a\" data-element_type=\"container\" data-e-type=\"container\">\n\t\t\t\t\t<div class=\"e-con-inner\">\n\t\t\t\t<div class=\"elementor-element elementor-element-9b4c464 elementor-widget elementor-widget-text-editor\" data-id=\"9b4c464\" data-element_type=\"widget\" data-e-type=\"widget\" data-widget_type=\"text-editor.default\">\n\t\t\t\t\t\t\t\t\t\n<p class=\"p1\"><span class=\"s1\"><b>Derni\u00e8re mise \u00e0 jour :<\/b><\/span> 1er mars 2026<\/p>\n<h3><b>1) Qui sommes-nous (Responsable du traitement)<\/b><\/h3>\n<p class=\"p1\">Cette politique de confidentialit\u00e9 explique comment <span class=\"s1\"><b>The Agency SARL<\/b><\/span> (\u00ab <span class=\"s1\"><b>The Agency<\/b><\/span> \u00bb, \u00ab <span class=\"s1\"><b>nous<\/b><\/span> \u00bb, \u00ab <span class=\"s1\"><b>notre<\/b><\/span> \u00bb) collecte et traite vos donn\u00e9es personnelles lorsque vous visitez notre site web, nous contactez, demandez des informations ou utilisez nos services.<\/p>\n<p class=\"p1\"><span class=\"s1\"><b>Responsable du traitement :<\/b><\/span> The Agency SARL<\/p>\n<p class=\"p1\"><span class=\"s1\"><b>Si\u00e8ge social :<\/b><\/span> 3, Av. JF Kennedy, c\/o MONTE\u2011CARLO BUSINESS CENTER, <\/p>\n<p class=\"p1\"><span class=\"s1\"><b>E-mail :<\/b><\/span> <a href=\"mailto:info@theagency.mc\">info@theagency.mc<\/a><\/p>\n<hr>\n<h3><b>2) Quelles donn\u00e9es collectons-nous<\/b><\/h3>\n<p class=\"p1\">Selon la mani\u00e8re dont vous interagissez avec nous, nous pouvons collecter :<\/p>\n<p class=\"p4\"><b>A. Informations que vous fournissez<\/b><b><\/b><\/p>\n<ul>\n<li>\n<p class=\"p1\">Identit\u00e9 et coordonn\u00e9es (nom, e-mail, num\u00e9ro de t\u00e9l\u00e9phone)<\/p>\n<\/li>\n<li>\n<p class=\"p1\">Votre demande (contenu du message, quartiers\/immeubles pr\u00e9f\u00e9r\u00e9s, budget, calendrier)<\/p>\n<\/li>\n<li>\n<p class=\"p1\">Informations relatives \u00e0 votre projet (pr\u00e9f\u00e9rences d\u2019achat\/location\/hors march\u00e9, crit\u00e8res du bien)<\/p>\n<\/li>\n<li>\n<p class=\"p1\">Tout document que vous nous envoyez (uniquement si vous choisissez de les fournir)<\/p>\n<\/li>\n<\/ul>\n<p class=\"p4\"><b>B. Donn\u00e9es techniques et d\u2019utilisation<\/b><b><\/b><\/p>\n<ul>\n<li>\n<p class=\"p1\">Adresse IP, type d\u2019appareil, navigateur, syst\u00e8me d\u2019exploitation<\/p>\n<\/li>\n<li>\n<p class=\"p1\">Pages visit\u00e9es, temps pass\u00e9, source de r\u00e9f\u00e9rence<\/p>\n<\/li>\n<li>\n<p class=\"p1\">Diagnostics de base (erreurs, performance, journaux de s\u00e9curit\u00e9)<\/p>\n<\/li>\n<\/ul>\n<p class=\"p4\"><b>C. Cookies et technologies similaires<\/b><b><\/b><\/p>\n<ul>\n<li>\n<p class=\"p1\">Cookies essentiels (fonctionnalit\u00e9 du site)<\/p>\n<\/li>\n<li>\n<p class=\"p1\">Cookies optionnels (analyse \/ mesure), uniquement si vous y consentez lorsque cela est requis<\/p>\n<\/li>\n<\/ul>\n<hr>\n<h3><b>3) Pourquoi utilisons-nous vos donn\u00e9es (finalit\u00e9s)<\/b><\/h3>\n<p class=\"p1\">Nous traitons les donn\u00e9es personnelles pour :<\/p>\n<ul>\n<li>\n<p class=\"p1\">R\u00e9pondre aux demandes de renseignements (y compris les demandes par quartier ou hors march\u00e9)<\/p>\n<\/li>\n<li>\n<p class=\"p1\">Fournir nos services (conseil, recherche de biens, coordination des visites, suivis)<\/p>\n<\/li>\n<li>\n<p class=\"p1\">G\u00e9rer les relations et la communication (y compris la planification)<\/p>\n<\/li>\n<li>\n<p class=\"p1\">Am\u00e9liorer et s\u00e9curiser le site web (performance, d\u00e9pannage, pr\u00e9vention de la fraude)<\/p>\n<\/li>\n<li>\n<p class=\"p1\">Respecter les obligations l\u00e9gales et r\u00e9glementaires<\/p>\n<\/li>\n<\/ul>\n<hr>\n<h3><b>4) Base juridique du traitement<\/b><\/h3>\n<p class=\"p1\">Nous traitons vos donn\u00e9es lorsque :<\/p>\n<ul>\n<li>\n<p class=\"p1\"><span class=\"s1\"><b>Vous demandez des informations ou des services<\/b><\/span> (\u00e9tapes pr\u00e9alables \u00e0 la conclusion d\u2019un contrat \/ ex\u00e9cution d\u2019un contrat)<\/p>\n<\/li>\n<li>\n<p class=\"p1\"><span class=\"s1\"><b>Vous consentez<\/b><\/span> (par exemple, cookies non essentiels, communications marketing facultatives le cas \u00e9ch\u00e9ant)<\/p>\n<\/li>\n<li>\n<p class=\"p1\"><span class=\"s1\"><b>Nous avons un int\u00e9r\u00eat l\u00e9gitime<\/b><\/span> (par exemple, r\u00e9pondre efficacement, am\u00e9liorer notre site web, s\u00e9curiser les syst\u00e8mes)<\/p>\n<\/li>\n<li>\n<p class=\"p1\"><span class=\"s1\"><b>Nous devons nous conformer \u00e0 une obligation l\u00e9gale<\/b><\/span> (comptabilit\u00e9, conformit\u00e9, gestion des litiges)<\/p>\n<\/li>\n<\/ul>\n<p class=\"p1\">Monaco dispose d\u2019un cadre actualis\u00e9 de protection des donn\u00e9es personnelles, incluant la <span class=\"s1\"><b>Loi n\u00b0 1.565 du 3 d\u00e9cembre 2024<\/b><\/span> relative \u00e0 la protection des donn\u00e9es \u00e0 caract\u00e8re personnel.<span class=\"Apple-converted-space\">  <\/span><\/p>\n<hr>\n<h3><b>5) Avec qui partageons-nous vos donn\u00e9es<\/b><\/h3>\n<p class=\"p1\">Nous ne vendons <span class=\"s1\"><b>pas<\/b><\/span> vos donn\u00e9es personnelles.<\/p>\n<p class=\"p1\">Nous pouvons partager des donn\u00e9es uniquement en cas de besoin avec :<\/p>\n<ul>\n<li>\n<p class=\"p1\"><span class=\"s1\"><b>Des prestataires de services<\/b><\/span> agissant selon nos instructions (par exemple, h\u00e9bergement, e-mail, s\u00e9curit\u00e9, analyses, outils CRM)<\/p>\n<\/li>\n<li>\n<p class=\"p1\"><span class=\"s1\"><b>Des partenaires professionnels<\/b><\/span> (uniquement lorsque cela est n\u00e9cessaire pour votre demande et si cela est pertinent)<\/p>\n<\/li>\n<li>\n<p class=\"p1\"><span class=\"s1\"><b>Les autorit\u00e9s<\/b><\/span> si la loi, la r\u00e9glementation ou une demande l\u00e9gale valide l\u2019exige<\/p>\n<\/li>\n<\/ul>\n<p class=\"p1\">Tous les prestataires sont tenus d\u2019appliquer des mesures de s\u00e9curit\u00e9 et de confidentialit\u00e9 appropri\u00e9es.<\/p>\n<hr>\n<h3><b>6) Transferts internationaux<\/b><\/h3>\n<p class=\"p1\">Certains prestataires peuvent traiter des donn\u00e9es en dehors de Monaco\/EEE en fonction de leur infrastructure. En cas de transfert, nous prenons des mesures destin\u00e9es \u00e0 garantir des garanties appropri\u00e9es (telles que des protections contractuelles et des normes de s\u00e9curit\u00e9 des fournisseurs). <\/p>\n<hr>\n<h3><b>7) Combien de temps conservons-nous vos donn\u00e9es (r\u00e9tention)<\/b><\/h3>\n<p class=\"p1\">Nous ne conservons les donn\u00e9es personnelles que le temps n\u00e9cessaire aux finalit\u00e9s d\u00e9crites ci-dessus, notamment :<\/p>\n<ul>\n<li>\n<p class=\"p1\"><span class=\"s1\"><b>Demandes de renseignements :<\/b><\/span> g\u00e9n\u00e9ralement conserv\u00e9es pendant une p\u00e9riode raisonnable pour g\u00e9rer les suivis et la continuit\u00e9<\/p>\n<\/li>\n<li>\n<p class=\"p1\"><span class=\"s1\"><b>Relations clients :<\/b><\/span> conserv\u00e9es pendant la dur\u00e9e de la relation, plus une p\u00e9riode limit\u00e9e par la suite \u00e0 des fins l\u00e9gales, comptables et de litige<\/p>\n<\/li>\n<li>\n<p class=\"p1\"><span class=\"s1\"><b>Journaux techniques :<\/b><\/span> conserv\u00e9s pour la s\u00e9curit\u00e9 et le d\u00e9pannage, puis supprim\u00e9s ou anonymis\u00e9s<\/p>\n<\/li>\n<li>\n<p class=\"p1\"><span class=\"s1\"><b>Cookies :<\/b><\/span> conserv\u00e9s selon le type de cookie et vos choix de consentement<\/p>\n<\/li>\n<\/ul>\n<hr>\n<h3><b>8) S\u00e9curit\u00e9<\/b><\/h3>\n<p class=\"p1\">Nous utilisons des mesures administratives, techniques et organisationnelles raisonnables pour prot\u00e9ger les donn\u00e9es personnelles contre la perte, l\u2019utilisation abusive, l\u2019acc\u00e8s non autoris\u00e9, l\u2019alt\u00e9ration et la divulgation. Aucun service en ligne ne peut \u00eatre garanti \u00e0 100 % s\u00e9curis\u00e9, mais nous visons \u00e0 maintenir un niveau de s\u00e9curit\u00e9 \u00e9lev\u00e9 et appropri\u00e9 \u00e0 nos activit\u00e9s. <\/p>\n<hr>\n<h3><b>9) Vos droits<\/b><\/h3>\n<p class=\"p1\">Selon votre situation et la loi applicable, vous pouvez disposer de droits tels que :<\/p>\n<ul>\n<li>\n<p class=\"p1\">L\u2019acc\u00e8s \u00e0 vos donn\u00e9es<\/p>\n<\/li>\n<li>\n<p class=\"p1\">La rectification de donn\u00e9es inexactes<\/p>\n<\/li>\n<li>\n<p class=\"p1\">La suppression (le cas \u00e9ch\u00e9ant)<\/p>\n<\/li>\n<li>\n<p class=\"p1\">L\u2019opposition ou la limitation (le cas \u00e9ch\u00e9ant)<\/p>\n<\/li>\n<li>\n<p class=\"p1\">Le retrait du consentement (lorsque le traitement est bas\u00e9 sur le consentement)<\/p>\n<\/li>\n<li>\n<p class=\"p1\">Le d\u00e9p\u00f4t d\u2019une plainte aupr\u00e8s de l\u2019autorit\u00e9 comp\u00e9tente<\/p>\n<\/li>\n<\/ul>\n<p class=\"p1\">Pour exercer vos droits, contactez-nous \u00e0 l\u2019adresse <span class=\"s1\"><b>contact@theagency.mc<\/b><\/span>. Nous pouvons demander une v\u00e9rification d\u2019identit\u00e9 avant de r\u00e9pondre \u00e0 une demande. <\/p>\n<hr>\n<h3><b>10) Cookies<\/b><\/h3>\n<p class=\"p1\">Nous pouvons utiliser des cookies pour les fonctionnalit\u00e9s essentielles du site et (facultativement) pour l\u2019analyse. Le cas \u00e9ch\u00e9ant, nous solliciterons votre consentement pour les cookies non essentiels, et vous pourrez modifier vos pr\u00e9f\u00e9rences \u00e0 tout moment via la banni\u00e8re\/les param\u00e8tres de cookies (si activ\u00e9s) ou les param\u00e8tres de votre navigateur. <\/p>\n<hr>\n<h3><b>11) Liens vers des tiers<\/b><\/h3>\n<p class=\"p1\">Notre site web peut contenir des liens vers des sites tiers. Nous ne sommes pas responsables de leurs pratiques en mati\u00e8re de confidentialit\u00e9. Nous vous recommandons de consulter leurs politiques avant de fournir toute donn\u00e9e personnelle.  <\/p>\n<hr>\n<h3><b>12) Modifications de cette politique<\/b><\/h3>\n<p class=\"p1\">Nous pouvons mettre \u00e0 jour cette politique de confidentialit\u00e9 de temps \u00e0 autre. La version la plus r\u00e9cente sera toujours publi\u00e9e sur cette page, avec la date de \u00ab Derni\u00e8re mise \u00e0 jour \u00bb indiqu\u00e9e en haut. <\/p>\t\t\t\t\t\t\t\t<\/div>\n\t\t\t\t\t<\/div>\n\t\t\t\t<\/div>\n\t\t\t\t<\/div>\n\t\t","protected":false},"excerpt":{"rendered":"<p>Derni\u00e8re mise \u00e0 jour : 1er mars 2026 1) Qui sommes-nous (Responsable du traitement) Cette politique de confidentialit\u00e9 explique comment The Agency SARL (\u00ab The Agency \u00bb, \u00ab nous \u00bb, \u00ab notre \u00bb) collecte et traite vos donn\u00e9es personnelles lorsque vous visitez notre site web, nous contactez, demandez des informations ou utilisez nos services. Responsable [&hellip;]<\/p>\n","protected":false},"author":1,"featured_media":0,"parent":0,"menu_order":0,"comment_status":"closed","ping_status":"open","template":"","meta":{"_acf_changed":false,"footnotes":""},"class_list":["post-1065","page","type-page","status-publish","hentry"],"acf":[],"yoast_head":"<!-- This site is optimized with the Yoast SEO plugin v27.2 - https:\/\/yoast.com\/product\/yoast-seo-wordpress\/ -->\n<title>Politique de confidentialit\u00e9 - The Agency Monaco | Luxury Real-Estate<\/title>\n<meta name=\"robots\" content=\"noindex, follow\" \/>\n<meta property=\"og:locale\" content=\"fr_FR\" \/>\n<meta property=\"og:type\" content=\"article\" \/>\n<meta property=\"og:title\" content=\"Politique de confidentialit\u00e9 - The Agency Monaco | Luxury Real-Estate\" \/>\n<meta property=\"og:description\" content=\"Derni\u00e8re mise \u00e0 jour : 1er mars 2026 1) Qui sommes-nous (Responsable du traitement) Cette politique de confidentialit\u00e9 explique comment The Agency SARL (\u00ab The Agency \u00bb, \u00ab nous \u00bb, \u00ab notre \u00bb) collecte et traite vos donn\u00e9es personnelles lorsque vous visitez notre site web, nous contactez, demandez des informations ou utilisez nos services. Responsable [&hellip;]\" \/>\n<meta property=\"og:url\" content=\"https:\/\/theagency.mc\/fr\/politique-de-confidentialite\/\" \/>\n<meta property=\"og:site_name\" content=\"The Agency Monaco | Luxury Real-Estate\" \/>\n<meta property=\"article:modified_time\" content=\"2026-02-26T17:19:44+00:00\" \/>\n<meta property=\"og:image\" content=\"https:\/\/theagency.mc\/wp-content\/uploads\/2026\/03\/Social-Preview-The-Agency.jpg\" \/>\n\t<meta property=\"og:image:width\" content=\"1800\" \/>\n\t<meta property=\"og:image:height\" content=\"1013\" \/>\n\t<meta property=\"og:image:type\" content=\"image\/jpeg\" \/>\n<meta name=\"twitter:card\" content=\"summary_large_image\" \/>\n<meta name=\"twitter:label1\" content=\"Dur\u00e9e de lecture estim\u00e9e\" \/>\n\t<meta name=\"twitter:data1\" content=\"5 minutes\" \/>\n<script type=\"application\/ld+json\" class=\"yoast-schema-graph\">{\"@context\":\"https:\/\/schema.org\",\"@graph\":[{\"@type\":\"WebPage\",\"@id\":\"https:\/\/theagency.mc\/fr\/politique-de-confidentialite\/\",\"url\":\"https:\/\/theagency.mc\/fr\/politique-de-confidentialite\/\",\"name\":\"Politique de confidentialit\u00e9 - The Agency Monaco | Luxury Real-Estate\",\"isPartOf\":{\"@id\":\"https:\/\/theagency.mc\/fr\/#website\"},\"datePublished\":\"2026-02-03T12:14:16+00:00\",\"dateModified\":\"2026-02-26T17:19:44+00:00\",\"breadcrumb\":{\"@id\":\"https:\/\/theagency.mc\/fr\/politique-de-confidentialite\/#breadcrumb\"},\"inLanguage\":\"fr-FR\",\"potentialAction\":[{\"@type\":\"ReadAction\",\"target\":[\"https:\/\/theagency.mc\/fr\/politique-de-confidentialite\/\"]}]},{\"@type\":\"BreadcrumbList\",\"@id\":\"https:\/\/theagency.mc\/fr\/politique-de-confidentialite\/#breadcrumb\",\"itemListElement\":[{\"@type\":\"ListItem\",\"position\":1,\"name\":\"Accueil\",\"item\":\"https:\/\/theagency.mc\/fr\/\"},{\"@type\":\"ListItem\",\"position\":2,\"name\":\"Politique de confidentialit\u00e9\"}]},{\"@type\":\"WebSite\",\"@id\":\"https:\/\/theagency.mc\/fr\/#website\",\"url\":\"https:\/\/theagency.mc\/fr\/\",\"name\":\"The Agency Monaco | Luxury Real-Estate\",\"description\":\"The Agency is a Monaco-based real estate advisory offering a discreet, structured, and long-term approach to property transactions. We operate as a private office, focused on clarity, trust, and architectural quality.\",\"publisher\":{\"@id\":\"https:\/\/theagency.mc\/fr\/#organization\"},\"potentialAction\":[{\"@type\":\"SearchAction\",\"target\":{\"@type\":\"EntryPoint\",\"urlTemplate\":\"https:\/\/theagency.mc\/fr\/?s={search_term_string}\"},\"query-input\":{\"@type\":\"PropertyValueSpecification\",\"valueRequired\":true,\"valueName\":\"search_term_string\"}}],\"inLanguage\":\"fr-FR\"},{\"@type\":\"Organization\",\"@id\":\"https:\/\/theagency.mc\/fr\/#organization\",\"name\":\"The Agency Monaco | Immobilier de luxe\",\"url\":\"https:\/\/theagency.mc\/fr\/\",\"logo\":{\"@type\":\"ImageObject\",\"inLanguage\":\"fr-FR\",\"@id\":\"https:\/\/theagency.mc\/fr\/#\/schema\/logo\/image\/\",\"url\":\"https:\/\/theagency.mc\/wp-content\/uploads\/2026\/02\/Favicon.png\",\"contentUrl\":\"https:\/\/theagency.mc\/wp-content\/uploads\/2026\/02\/Favicon.png\",\"width\":500,\"height\":500,\"caption\":\"The Agency Monaco | Immobilier de luxe\"},\"image\":{\"@id\":\"https:\/\/theagency.mc\/fr\/#\/schema\/logo\/image\/\"}}]}<\/script>\n<!-- \/ Yoast SEO plugin. -->","yoast_head_json":{"title":"Politique de confidentialit\u00e9 - The Agency Monaco | Luxury Real-Estate","robots":{"index":"noindex","follow":"follow"},"og_locale":"fr_FR","og_type":"article","og_title":"Politique de confidentialit\u00e9 - The Agency Monaco | Luxury Real-Estate","og_description":"Derni\u00e8re mise \u00e0 jour : 1er mars 2026 1) Qui sommes-nous (Responsable du traitement) Cette politique de confidentialit\u00e9 explique comment The Agency SARL (\u00ab The Agency \u00bb, \u00ab nous \u00bb, \u00ab notre \u00bb) collecte et traite vos donn\u00e9es personnelles lorsque vous visitez notre site web, nous contactez, demandez des informations ou utilisez nos services. Responsable [&hellip;]","og_url":"https:\/\/theagency.mc\/fr\/politique-de-confidentialite\/","og_site_name":"The Agency Monaco | Luxury Real-Estate","article_modified_time":"2026-02-26T17:19:44+00:00","og_image":[{"width":1800,"height":1013,"url":"https:\/\/theagency.mc\/wp-content\/uploads\/2026\/03\/Social-Preview-The-Agency.jpg","type":"image\/jpeg"}],"twitter_card":"summary_large_image","twitter_misc":{"Dur\u00e9e de lecture estim\u00e9e":"5 minutes"},"schema":{"@context":"https:\/\/schema.org","@graph":[{"@type":"WebPage","@id":"https:\/\/theagency.mc\/fr\/politique-de-confidentialite\/","url":"https:\/\/theagency.mc\/fr\/politique-de-confidentialite\/","name":"Politique de confidentialit\u00e9 - The Agency Monaco | Luxury Real-Estate","isPartOf":{"@id":"https:\/\/theagency.mc\/fr\/#website"},"datePublished":"2026-02-03T12:14:16+00:00","dateModified":"2026-02-26T17:19:44+00:00","breadcrumb":{"@id":"https:\/\/theagency.mc\/fr\/politique-de-confidentialite\/#breadcrumb"},"inLanguage":"fr-FR","potentialAction":[{"@type":"ReadAction","target":["https:\/\/theagency.mc\/fr\/politique-de-confidentialite\/"]}]},{"@type":"BreadcrumbList","@id":"https:\/\/theagency.mc\/fr\/politique-de-confidentialite\/#breadcrumb","itemListElement":[{"@type":"ListItem","position":1,"name":"Accueil","item":"https:\/\/theagency.mc\/fr\/"},{"@type":"ListItem","position":2,"name":"Politique de confidentialit\u00e9"}]},{"@type":"WebSite","@id":"https:\/\/theagency.mc\/fr\/#website","url":"https:\/\/theagency.mc\/fr\/","name":"The Agency Monaco | Luxury Real-Estate","description":"The Agency is a Monaco-based real estate advisory offering a discreet, structured, and long-term approach to property transactions. We operate as a private office, focused on clarity, trust, and architectural quality.","publisher":{"@id":"https:\/\/theagency.mc\/fr\/#organization"},"potentialAction":[{"@type":"SearchAction","target":{"@type":"EntryPoint","urlTemplate":"https:\/\/theagency.mc\/fr\/?s={search_term_string}"},"query-input":{"@type":"PropertyValueSpecification","valueRequired":true,"valueName":"search_term_string"}}],"inLanguage":"fr-FR"},{"@type":"Organization","@id":"https:\/\/theagency.mc\/fr\/#organization","name":"The Agency Monaco | Immobilier de luxe","url":"https:\/\/theagency.mc\/fr\/","logo":{"@type":"ImageObject","inLanguage":"fr-FR","@id":"https:\/\/theagency.mc\/fr\/#\/schema\/logo\/image\/","url":"https:\/\/theagency.mc\/wp-content\/uploads\/2026\/02\/Favicon.png","contentUrl":"https:\/\/theagency.mc\/wp-content\/uploads\/2026\/02\/Favicon.png","width":500,"height":500,"caption":"The Agency Monaco | Immobilier de luxe"},"image":{"@id":"https:\/\/theagency.mc\/fr\/#\/schema\/logo\/image\/"}}]}},"_hostinger_reach_plugin_has_subscription_block":false,"_hostinger_reach_plugin_is_elementor":false,"_links":{"self":[{"href":"https:\/\/theagency.mc\/fr\/wp-json\/wp\/v2\/pages\/1065","targetHints":{"allow":["GET"]}}],"collection":[{"href":"https:\/\/theagency.mc\/fr\/wp-json\/wp\/v2\/pages"}],"about":[{"href":"https:\/\/theagency.mc\/fr\/wp-json\/wp\/v2\/types\/page"}],"author":[{"embeddable":true,"href":"https:\/\/theagency.mc\/fr\/wp-json\/wp\/v2\/users\/1"}],"replies":[{"embeddable":true,"href":"https:\/\/theagency.mc\/fr\/wp-json\/wp\/v2\/comments?post=1065"}],"version-history":[{"count":3,"href":"https:\/\/theagency.mc\/fr\/wp-json\/wp\/v2\/pages\/1065\/revisions"}],"predecessor-version":[{"id":1068,"href":"https:\/\/theagency.mc\/fr\/wp-json\/wp\/v2\/pages\/1065\/revisions\/1068"}],"wp:attachment":[{"href":"https:\/\/theagency.mc\/fr\/wp-json\/wp\/v2\/media?parent=1065"}],"curies":[{"name":"wp","href":"https:\/\/api.w.org\/{rel}","templated":true}]}}