{"id":1546,"date":"2026-03-16T12:37:15","date_gmt":"2026-03-16T12:37:15","guid":{"rendered":"https:\/\/theagency.mc\/?page_id=1546"},"modified":"2026-03-16T12:42:23","modified_gmt":"2026-03-16T12:42:23","slug":"immeubles-a-monaco-2","status":"publish","type":"page","link":"https:\/\/theagency.mc\/fr\/immeubles-a-monaco-2\/","title":{"rendered":"Perspectives immobili\u00e8res \u00e0 Monaco"},"content":{"rendered":"\t\t<div data-elementor-type=\"wp-page\" data-elementor-id=\"1546\" class=\"elementor elementor-1546 elementor-1544\" data-elementor-post-type=\"page\">\n\t\t\t\t<div class=\"elementor-element elementor-element-bdee278 e-flex e-con-boxed e-con e-parent\" data-id=\"bdee278\" data-element_type=\"container\" data-e-type=\"container\" data-settings=\"{&quot;background_background&quot;:&quot;classic&quot;}\">\n\t\t\t\t\t<div class=\"e-con-inner\">\n\t\t\t\t<div class=\"elementor-element elementor-element-bf3e142 elementor-widget elementor-widget-image\" data-id=\"bf3e142\" data-element_type=\"widget\" data-e-type=\"widget\" data-widget_type=\"image.default\">\n\t\t\t\t\t\t\t\t\t\t\t\t\t\t\t<img fetchpriority=\"high\" decoding=\"async\" width=\"2560\" height=\"1441\" src=\"https:\/\/theagency.mc\/wp-content\/uploads\/2026\/02\/Mareterra-scaled.jpg\" class=\"attachment-full size-full wp-image-1072\" alt=\"\" srcset=\"https:\/\/theagency.mc\/wp-content\/uploads\/2026\/02\/Mareterra-scaled.jpg 2560w, https:\/\/theagency.mc\/wp-content\/uploads\/2026\/02\/Mareterra-300x169.jpg 300w, https:\/\/theagency.mc\/wp-content\/uploads\/2026\/02\/Mareterra-1024x576.jpg 1024w, https:\/\/theagency.mc\/wp-content\/uploads\/2026\/02\/Mareterra-768x432.jpg 768w, https:\/\/theagency.mc\/wp-content\/uploads\/2026\/02\/Mareterra-1536x864.jpg 1536w, https:\/\/theagency.mc\/wp-content\/uploads\/2026\/02\/Mareterra-2048x1153.jpg 2048w\" sizes=\"(max-width: 2560px) 100vw, 2560px\" \/>\t\t\t\t\t\t\t\t\t\t\t\t\t\t\t<\/div>\n\t\t<div class=\"elementor-element elementor-element-591b58c e-flex e-con-boxed e-con e-child\" data-id=\"591b58c\" data-element_type=\"container\" data-e-type=\"container\">\n\t\t\t\t\t<div class=\"e-con-inner\">\n\t\t\t\t<div class=\"elementor-element elementor-element-7342bf4 elementor-invisible elementor-widget elementor-widget-heading\" data-id=\"7342bf4\" data-element_type=\"widget\" data-e-type=\"widget\" data-settings=\"{&quot;_animation&quot;:&quot;fadeInUp&quot;,&quot;_animation_delay&quot;:20}\" data-widget_type=\"heading.default\">\n\t\t\t\t\t<h1 class=\"elementor-heading-title elementor-size-default\">Perspectives immobili\u00e8res \u00e0 Monaco<\/h1>\t\t\t\t<\/div>\n\t\t\t\t<div class=\"elementor-element elementor-element-fd2fc45 elementor-invisible elementor-widget elementor-widget-text-editor\" data-id=\"fd2fc45\" data-element_type=\"widget\" data-e-type=\"widget\" data-settings=\"{&quot;_animation&quot;:&quot;fadeInUp&quot;,&quot;_animation_delay&quot;:40}\" data-widget_type=\"text-editor.default\">\n\t\t\t\t\t\t\t\t\t<p class=\"p1\">Analyses sur l\u2019immobilier \u00e0 Monaco \u2014 quartiers, immeubles et signaux du march\u00e9 \u2014 r\u00e9dig\u00e9es pour les acheteurs, locataires et investisseurs qui privil\u00e9gient la clart\u00e9 et la discr\u00e9tion.<\/p>\t\t\t\t\t\t\t\t<\/div>\n\t\t\t\t\t<\/div>\n\t\t\t\t<\/div>\n\t\t\t\t\t<\/div>\n\t\t\t\t<\/div>\n\t\t\t\t<\/div>\n\t\t","protected":false},"excerpt":{"rendered":"<p>Perspectives immobili\u00e8res \u00e0 Monaco Analyses sur l\u2019immobilier \u00e0 Monaco \u2014 quartiers, immeubles et signaux du march\u00e9 \u2014 r\u00e9dig\u00e9es pour les acheteurs, locataires et investisseurs qui privil\u00e9gient la clart\u00e9 et la discr\u00e9tion.<\/p>\n","protected":false},"author":1,"featured_media":977,"parent":0,"menu_order":0,"comment_status":"closed","ping_status":"closed","template":"","meta":{"_acf_changed":false,"footnotes":""},"class_list":["post-1546","page","type-page","status-publish","has-post-thumbnail","hentry"],"acf":[],"yoast_head":"<!-- This site is optimized with the Yoast SEO plugin v27.2 - https:\/\/yoast.com\/product\/yoast-seo-wordpress\/ -->\n<title>Analyses immobili\u00e8res \u00e0 Monaco | Acheter, louer &amp; Off-Market | The Agency<\/title>\n<meta name=\"description\" content=\"Consultez nos analyses immobili\u00e8res \u00e0 Monaco : guides par quartier, commentaires de march\u00e9 et check-lists pratiques pour acheter, louer et acc\u00e9der discr\u00e8tement \u00e0 des biens off-market.\" \/>\n<meta name=\"robots\" content=\"index, follow, max-snippet:-1, max-image-preview:large, max-video-preview:-1\" \/>\n<link rel=\"canonical\" href=\"https:\/\/theagency.mc\/fr\/immeubles-a-monaco-2\/\" \/>\n<meta property=\"og:locale\" content=\"fr_FR\" \/>\n<meta property=\"og:type\" content=\"article\" \/>\n<meta property=\"og:title\" content=\"Analyses immobili\u00e8res \u00e0 Monaco | Acheter, louer &amp; Off-Market | The Agency\" \/>\n<meta property=\"og:description\" content=\"Consultez nos analyses immobili\u00e8res \u00e0 Monaco : guides par quartier, commentaires de march\u00e9 et check-lists pratiques pour acheter, louer et acc\u00e9der discr\u00e8tement \u00e0 des biens off-market.\" \/>\n<meta property=\"og:url\" content=\"https:\/\/theagency.mc\/fr\/immeubles-a-monaco-2\/\" \/>\n<meta property=\"og:site_name\" content=\"The Agency Monaco | Luxury Real-Estate\" \/>\n<meta property=\"article:modified_time\" content=\"2026-03-16T12:42:23+00:00\" \/>\n<meta property=\"og:image\" content=\"https:\/\/theagency.mc\/wp-content\/uploads\/2026\/02\/kaja-sariwating-liHTLDo7-08-unsplash-scaled.jpg\" \/>\n\t<meta property=\"og:image:width\" content=\"2560\" \/>\n\t<meta property=\"og:image:height\" content=\"1707\" \/>\n\t<meta property=\"og:image:type\" content=\"image\/jpeg\" \/>\n<meta name=\"twitter:card\" content=\"summary_large_image\" \/>\n<script type=\"application\/ld+json\" class=\"yoast-schema-graph\">{\"@context\":\"https:\/\/schema.org\",\"@graph\":[{\"@type\":\"WebPage\",\"@id\":\"https:\/\/theagency.mc\/fr\/immeubles-a-monaco-2\/\",\"url\":\"https:\/\/theagency.mc\/fr\/immeubles-a-monaco-2\/\",\"name\":\"Analyses immobili\u00e8res \u00e0 Monaco | Acheter, louer & Off-Market | The Agency\",\"isPartOf\":{\"@id\":\"https:\/\/theagency.mc\/fr\/#website\"},\"primaryImageOfPage\":{\"@id\":\"https:\/\/theagency.mc\/fr\/immeubles-a-monaco-2\/#primaryimage\"},\"image\":{\"@id\":\"https:\/\/theagency.mc\/fr\/immeubles-a-monaco-2\/#primaryimage\"},\"thumbnailUrl\":\"https:\/\/theagency.mc\/wp-content\/uploads\/2026\/02\/kaja-sariwating-liHTLDo7-08-unsplash-scaled.jpg\",\"datePublished\":\"2026-03-16T12:37:15+00:00\",\"dateModified\":\"2026-03-16T12:42:23+00:00\",\"description\":\"Consultez nos analyses immobili\u00e8res \u00e0 Monaco : guides par quartier, commentaires de march\u00e9 et check-lists pratiques pour acheter, louer et acc\u00e9der discr\u00e8tement \u00e0 des biens off-market.\",\"breadcrumb\":{\"@id\":\"https:\/\/theagency.mc\/fr\/immeubles-a-monaco-2\/#breadcrumb\"},\"inLanguage\":\"fr-FR\",\"potentialAction\":[{\"@type\":\"ReadAction\",\"target\":[\"https:\/\/theagency.mc\/fr\/immeubles-a-monaco-2\/\"]}]},{\"@type\":\"ImageObject\",\"inLanguage\":\"fr-FR\",\"@id\":\"https:\/\/theagency.mc\/fr\/immeubles-a-monaco-2\/#primaryimage\",\"url\":\"https:\/\/theagency.mc\/wp-content\/uploads\/2026\/02\/kaja-sariwating-liHTLDo7-08-unsplash-scaled.jpg\",\"contentUrl\":\"https:\/\/theagency.mc\/wp-content\/uploads\/2026\/02\/kaja-sariwating-liHTLDo7-08-unsplash-scaled.jpg\",\"width\":2560,\"height\":1707,\"caption\":\"Photo de l\u2019entr\u00e9e du casino de Monaco par une journ\u00e9e ensoleill\u00e9e\"},{\"@type\":\"BreadcrumbList\",\"@id\":\"https:\/\/theagency.mc\/fr\/immeubles-a-monaco-2\/#breadcrumb\",\"itemListElement\":[{\"@type\":\"ListItem\",\"position\":1,\"name\":\"Accueil\",\"item\":\"https:\/\/theagency.mc\/fr\/\"},{\"@type\":\"ListItem\",\"position\":2,\"name\":\"Perspectives immobili\u00e8res \u00e0 Monaco\"}]},{\"@type\":\"WebSite\",\"@id\":\"https:\/\/theagency.mc\/fr\/#website\",\"url\":\"https:\/\/theagency.mc\/fr\/\",\"name\":\"The Agency Monaco | Luxury Real-Estate\",\"description\":\"The Agency is a Monaco-based real estate advisory offering a discreet, structured, and long-term approach to property transactions. We operate as a private office, focused on clarity, trust, and architectural quality.\",\"publisher\":{\"@id\":\"https:\/\/theagency.mc\/fr\/#organization\"},\"potentialAction\":[{\"@type\":\"SearchAction\",\"target\":{\"@type\":\"EntryPoint\",\"urlTemplate\":\"https:\/\/theagency.mc\/fr\/?s={search_term_string}\"},\"query-input\":{\"@type\":\"PropertyValueSpecification\",\"valueRequired\":true,\"valueName\":\"search_term_string\"}}],\"inLanguage\":\"fr-FR\"},{\"@type\":\"Organization\",\"@id\":\"https:\/\/theagency.mc\/fr\/#organization\",\"name\":\"The Agency Monaco | Immobilier de luxe\",\"url\":\"https:\/\/theagency.mc\/fr\/\",\"logo\":{\"@type\":\"ImageObject\",\"inLanguage\":\"fr-FR\",\"@id\":\"https:\/\/theagency.mc\/fr\/#\/schema\/logo\/image\/\",\"url\":\"https:\/\/theagency.mc\/wp-content\/uploads\/2026\/02\/Favicon.png\",\"contentUrl\":\"https:\/\/theagency.mc\/wp-content\/uploads\/2026\/02\/Favicon.png\",\"width\":500,\"height\":500,\"caption\":\"The Agency Monaco | Immobilier de luxe\"},\"image\":{\"@id\":\"https:\/\/theagency.mc\/fr\/#\/schema\/logo\/image\/\"}}]}<\/script>\n<!-- \/ Yoast SEO plugin. -->","yoast_head_json":{"title":"Analyses immobili\u00e8res \u00e0 Monaco | Acheter, louer & Off-Market | The Agency","description":"Consultez nos analyses immobili\u00e8res \u00e0 Monaco : guides par quartier, commentaires de march\u00e9 et check-lists pratiques pour acheter, louer et acc\u00e9der discr\u00e8tement \u00e0 des biens off-market.","robots":{"index":"index","follow":"follow","max-snippet":"max-snippet:-1","max-image-preview":"max-image-preview:large","max-video-preview":"max-video-preview:-1"},"canonical":"https:\/\/theagency.mc\/fr\/immeubles-a-monaco-2\/","og_locale":"fr_FR","og_type":"article","og_title":"Analyses immobili\u00e8res \u00e0 Monaco | Acheter, louer & Off-Market | The Agency","og_description":"Consultez nos analyses immobili\u00e8res \u00e0 Monaco : guides par quartier, commentaires de march\u00e9 et check-lists pratiques pour acheter, louer et acc\u00e9der discr\u00e8tement \u00e0 des biens off-market.","og_url":"https:\/\/theagency.mc\/fr\/immeubles-a-monaco-2\/","og_site_name":"The Agency Monaco | Luxury Real-Estate","article_modified_time":"2026-03-16T12:42:23+00:00","og_image":[{"width":2560,"height":1707,"url":"https:\/\/theagency.mc\/wp-content\/uploads\/2026\/02\/kaja-sariwating-liHTLDo7-08-unsplash-scaled.jpg","type":"image\/jpeg"}],"twitter_card":"summary_large_image","schema":{"@context":"https:\/\/schema.org","@graph":[{"@type":"WebPage","@id":"https:\/\/theagency.mc\/fr\/immeubles-a-monaco-2\/","url":"https:\/\/theagency.mc\/fr\/immeubles-a-monaco-2\/","name":"Analyses immobili\u00e8res \u00e0 Monaco | Acheter, louer & Off-Market | The Agency","isPartOf":{"@id":"https:\/\/theagency.mc\/fr\/#website"},"primaryImageOfPage":{"@id":"https:\/\/theagency.mc\/fr\/immeubles-a-monaco-2\/#primaryimage"},"image":{"@id":"https:\/\/theagency.mc\/fr\/immeubles-a-monaco-2\/#primaryimage"},"thumbnailUrl":"https:\/\/theagency.mc\/wp-content\/uploads\/2026\/02\/kaja-sariwating-liHTLDo7-08-unsplash-scaled.jpg","datePublished":"2026-03-16T12:37:15+00:00","dateModified":"2026-03-16T12:42:23+00:00","description":"Consultez nos analyses immobili\u00e8res \u00e0 Monaco : guides par quartier, commentaires de march\u00e9 et check-lists pratiques pour acheter, louer et acc\u00e9der discr\u00e8tement \u00e0 des biens off-market.","breadcrumb":{"@id":"https:\/\/theagency.mc\/fr\/immeubles-a-monaco-2\/#breadcrumb"},"inLanguage":"fr-FR","potentialAction":[{"@type":"ReadAction","target":["https:\/\/theagency.mc\/fr\/immeubles-a-monaco-2\/"]}]},{"@type":"ImageObject","inLanguage":"fr-FR","@id":"https:\/\/theagency.mc\/fr\/immeubles-a-monaco-2\/#primaryimage","url":"https:\/\/theagency.mc\/wp-content\/uploads\/2026\/02\/kaja-sariwating-liHTLDo7-08-unsplash-scaled.jpg","contentUrl":"https:\/\/theagency.mc\/wp-content\/uploads\/2026\/02\/kaja-sariwating-liHTLDo7-08-unsplash-scaled.jpg","width":2560,"height":1707,"caption":"Photo de l\u2019entr\u00e9e du casino de Monaco par une journ\u00e9e ensoleill\u00e9e"},{"@type":"BreadcrumbList","@id":"https:\/\/theagency.mc\/fr\/immeubles-a-monaco-2\/#breadcrumb","itemListElement":[{"@type":"ListItem","position":1,"name":"Accueil","item":"https:\/\/theagency.mc\/fr\/"},{"@type":"ListItem","position":2,"name":"Perspectives immobili\u00e8res \u00e0 Monaco"}]},{"@type":"WebSite","@id":"https:\/\/theagency.mc\/fr\/#website","url":"https:\/\/theagency.mc\/fr\/","name":"The Agency Monaco | Luxury Real-Estate","description":"The Agency is a Monaco-based real estate advisory offering a discreet, structured, and long-term approach to property transactions. We operate as a private office, focused on clarity, trust, and architectural quality.","publisher":{"@id":"https:\/\/theagency.mc\/fr\/#organization"},"potentialAction":[{"@type":"SearchAction","target":{"@type":"EntryPoint","urlTemplate":"https:\/\/theagency.mc\/fr\/?s={search_term_string}"},"query-input":{"@type":"PropertyValueSpecification","valueRequired":true,"valueName":"search_term_string"}}],"inLanguage":"fr-FR"},{"@type":"Organization","@id":"https:\/\/theagency.mc\/fr\/#organization","name":"The Agency Monaco | Immobilier de luxe","url":"https:\/\/theagency.mc\/fr\/","logo":{"@type":"ImageObject","inLanguage":"fr-FR","@id":"https:\/\/theagency.mc\/fr\/#\/schema\/logo\/image\/","url":"https:\/\/theagency.mc\/wp-content\/uploads\/2026\/02\/Favicon.png","contentUrl":"https:\/\/theagency.mc\/wp-content\/uploads\/2026\/02\/Favicon.png","width":500,"height":500,"caption":"The Agency Monaco | Immobilier de luxe"},"image":{"@id":"https:\/\/theagency.mc\/fr\/#\/schema\/logo\/image\/"}}]}},"_hostinger_reach_plugin_has_subscription_block":false,"_hostinger_reach_plugin_is_elementor":false,"_links":{"self":[{"href":"https:\/\/theagency.mc\/fr\/wp-json\/wp\/v2\/pages\/1546","targetHints":{"allow":["GET"]}}],"collection":[{"href":"https:\/\/theagency.mc\/fr\/wp-json\/wp\/v2\/pages"}],"about":[{"href":"https:\/\/theagency.mc\/fr\/wp-json\/wp\/v2\/types\/page"}],"author":[{"embeddable":true,"href":"https:\/\/theagency.mc\/fr\/wp-json\/wp\/v2\/users\/1"}],"replies":[{"embeddable":true,"href":"https:\/\/theagency.mc\/fr\/wp-json\/wp\/v2\/comments?post=1546"}],"version-history":[{"count":4,"href":"https:\/\/theagency.mc\/fr\/wp-json\/wp\/v2\/pages\/1546\/revisions"}],"predecessor-version":[{"id":1566,"href":"https:\/\/theagency.mc\/fr\/wp-json\/wp\/v2\/pages\/1546\/revisions\/1566"}],"wp:featuredmedia":[{"embeddable":true,"href":"https:\/\/theagency.mc\/fr\/wp-json\/wp\/v2\/media\/977"}],"wp:attachment":[{"href":"https:\/\/theagency.mc\/fr\/wp-json\/wp\/v2\/media?parent=1546"}],"curies":[{"name":"wp","href":"https:\/\/api.w.org\/{rel}","templated":true}]}}