{"id":886,"date":"2026-02-12T14:23:54","date_gmt":"2026-02-12T14:23:54","guid":{"rendered":"https:\/\/theagency.mc\/immeubles-a-monaco\/"},"modified":"2026-02-26T17:13:17","modified_gmt":"2026-02-26T17:13:17","slug":"immeubles-a-monaco","status":"publish","type":"page","link":"https:\/\/theagency.mc\/fr\/immeubles-a-monaco\/","title":{"rendered":"Immeubles \u00e0 Monaco"},"content":{"rendered":"\t\t<div data-elementor-type=\"wp-page\" data-elementor-id=\"886\" class=\"elementor elementor-886 elementor-120\" data-elementor-post-type=\"page\">\n\t\t\t\t<div class=\"elementor-element elementor-element-bdee278 e-flex e-con-boxed e-con e-parent\" data-id=\"bdee278\" data-element_type=\"container\" data-e-type=\"container\" data-settings=\"{&quot;background_background&quot;:&quot;classic&quot;}\">\n\t\t\t\t\t<div class=\"e-con-inner\">\n\t\t\t\t<div class=\"elementor-element elementor-element-bf3e142 elementor-widget elementor-widget-image\" data-id=\"bf3e142\" data-element_type=\"widget\" data-e-type=\"widget\" data-widget_type=\"image.default\">\n\t\t\t\t\t\t\t\t\t\t\t\t\t\t\t<img fetchpriority=\"high\" decoding=\"async\" width=\"2560\" height=\"1280\" src=\"https:\/\/theagency.mc\/wp-content\/uploads\/2026\/02\/rishi-jhajharia-1CkSNmbT7J0-unsplash-3-scaled.jpg\" class=\"attachment-full size-full wp-image-887\" alt=\"le port de Monaco par une journ\u00e9e ensoleill\u00e9e\" srcset=\"https:\/\/theagency.mc\/wp-content\/uploads\/2026\/02\/rishi-jhajharia-1CkSNmbT7J0-unsplash-3-scaled.jpg 2560w, https:\/\/theagency.mc\/wp-content\/uploads\/2026\/02\/rishi-jhajharia-1CkSNmbT7J0-unsplash-3-300x150.jpg 300w, https:\/\/theagency.mc\/wp-content\/uploads\/2026\/02\/rishi-jhajharia-1CkSNmbT7J0-unsplash-3-1024x512.jpg 1024w, https:\/\/theagency.mc\/wp-content\/uploads\/2026\/02\/rishi-jhajharia-1CkSNmbT7J0-unsplash-3-768x384.jpg 768w, https:\/\/theagency.mc\/wp-content\/uploads\/2026\/02\/rishi-jhajharia-1CkSNmbT7J0-unsplash-3-1536x768.jpg 1536w, https:\/\/theagency.mc\/wp-content\/uploads\/2026\/02\/rishi-jhajharia-1CkSNmbT7J0-unsplash-3-2048x1024.jpg 2048w\" sizes=\"(max-width: 2560px) 100vw, 2560px\" \/>\t\t\t\t\t\t\t\t\t\t\t\t\t\t\t<\/div>\n\t\t<div class=\"elementor-element elementor-element-591b58c e-flex e-con-boxed e-con e-child\" data-id=\"591b58c\" data-element_type=\"container\" data-e-type=\"container\">\n\t\t\t\t\t<div class=\"e-con-inner\">\n\t\t\t\t<div class=\"elementor-element elementor-element-7342bf4 elementor-invisible elementor-widget elementor-widget-heading\" data-id=\"7342bf4\" data-element_type=\"widget\" data-e-type=\"widget\" data-settings=\"{&quot;_animation&quot;:&quot;fadeInUp&quot;,&quot;_animation_delay&quot;:20}\" data-widget_type=\"heading.default\">\n\t\t\t\t\t<h1 class=\"elementor-heading-title elementor-size-default\">Immeubles \u00e0 Monaco<\/h1>\t\t\t\t<\/div>\n\t\t\t\t<div class=\"elementor-element elementor-element-fd2fc45 elementor-invisible elementor-widget elementor-widget-text-editor\" data-id=\"fd2fc45\" data-element_type=\"widget\" data-e-type=\"widget\" data-settings=\"{&quot;_animation&quot;:&quot;fadeInUp&quot;,&quot;_animation_delay&quot;:40}\" data-widget_type=\"text-editor.default\">\n\t\t\t\t\t\t\t\t\t<p class=\"p1\">Le paysage r\u00e9sidentiel mon\u00e9gasque se distingue par sa diversit\u00e9 architecturale et son exclusivit\u00e9. Des ensembles embl\u00e9matiques en bord de mer aux r\u00e9sidences intimistes des quartiers historiques, chaque immeuble contribue \u00e0 l\u2019identit\u00e9 de la Principaut\u00e9.<\/p><p class=\"p1\">Parcourez notre s\u00e9lection d\u2019immeubles r\u00e9sidentiels \u00e0 Monaco pour mieux comprendre les emplacements, les prestations et les cadres de vie dans chaque quartier.<\/p>\t\t\t\t\t\t\t\t<\/div>\n\t\t\t\t\t<\/div>\n\t\t\t\t<\/div>\n\t\t\t\t\t<\/div>\n\t\t\t\t<\/div>\n\t\t\t\t<\/div>\n\t\t","protected":false},"excerpt":{"rendered":"<p>Immeubles \u00e0 Monaco Le paysage r\u00e9sidentiel mon\u00e9gasque se distingue par sa diversit\u00e9 architecturale et son exclusivit\u00e9. Des ensembles embl\u00e9matiques en bord de mer aux r\u00e9sidences intimistes des quartiers historiques, chaque immeuble contribue \u00e0 l\u2019identit\u00e9 de la Principaut\u00e9. Parcourez notre s\u00e9lection d\u2019immeubles r\u00e9sidentiels \u00e0 Monaco pour mieux comprendre les emplacements, les prestations et les cadres de [&hellip;]<\/p>\n","protected":false},"author":1,"featured_media":0,"parent":0,"menu_order":0,"comment_status":"closed","ping_status":"closed","template":"","meta":{"_acf_changed":false,"footnotes":""},"class_list":["post-886","page","type-page","status-publish","hentry"],"acf":[],"yoast_head":"<!-- This site is optimized with the Yoast SEO plugin v27.2 - https:\/\/yoast.com\/product\/yoast-seo-wordpress\/ -->\n<title>Immeubles \u00e0 Monaco | Guide complet des r\u00e9sidences &amp; adresses<\/title>\n<meta name=\"description\" content=\"Parcourez les immeubles r\u00e9sidentiels de Monaco avec des informations cl\u00e9s et des d\u00e9tails de localisation. Un guide pratique des r\u00e9sidences les plus reconnues de la Principaut\u00e9.\" \/>\n<meta name=\"robots\" content=\"index, follow, max-snippet:-1, max-image-preview:large, max-video-preview:-1\" \/>\n<link rel=\"canonical\" href=\"https:\/\/theagency.mc\/fr\/immeubles-a-monaco\/\" \/>\n<meta property=\"og:locale\" content=\"fr_FR\" \/>\n<meta property=\"og:type\" content=\"article\" \/>\n<meta property=\"og:title\" content=\"Immeubles \u00e0 Monaco | Guide complet des r\u00e9sidences &amp; adresses\" \/>\n<meta property=\"og:description\" content=\"Parcourez les immeubles r\u00e9sidentiels de Monaco avec des informations cl\u00e9s et des d\u00e9tails de localisation. Un guide pratique des r\u00e9sidences les plus reconnues de la Principaut\u00e9.\" \/>\n<meta property=\"og:url\" content=\"https:\/\/theagency.mc\/fr\/immeubles-a-monaco\/\" \/>\n<meta property=\"og:site_name\" content=\"The Agency Monaco | Luxury Real-Estate\" \/>\n<meta property=\"article:modified_time\" content=\"2026-02-26T17:13:17+00:00\" \/>\n<meta property=\"og:image\" content=\"https:\/\/theagency.mc\/wp-content\/uploads\/2026\/02\/rishi-jhajharia-1CkSNmbT7J0-unsplash-3-scaled.jpg\" \/>\n\t<meta property=\"og:image:width\" content=\"2560\" \/>\n\t<meta property=\"og:image:height\" content=\"1280\" \/>\n\t<meta property=\"og:image:type\" content=\"image\/jpeg\" \/>\n<meta name=\"twitter:card\" content=\"summary_large_image\" \/>\n<script type=\"application\/ld+json\" class=\"yoast-schema-graph\">{\"@context\":\"https:\/\/schema.org\",\"@graph\":[{\"@type\":\"WebPage\",\"@id\":\"https:\/\/theagency.mc\/fr\/immeubles-a-monaco\/\",\"url\":\"https:\/\/theagency.mc\/fr\/immeubles-a-monaco\/\",\"name\":\"Immeubles \u00e0 Monaco | Guide complet des r\u00e9sidences & adresses\",\"isPartOf\":{\"@id\":\"https:\/\/theagency.mc\/fr\/#website\"},\"primaryImageOfPage\":{\"@id\":\"https:\/\/theagency.mc\/fr\/immeubles-a-monaco\/#primaryimage\"},\"image\":{\"@id\":\"https:\/\/theagency.mc\/fr\/immeubles-a-monaco\/#primaryimage\"},\"thumbnailUrl\":\"https:\/\/theagency.mc\/wp-content\/uploads\/2026\/02\/rishi-jhajharia-1CkSNmbT7J0-unsplash-3-scaled.jpg\",\"datePublished\":\"2026-02-12T14:23:54+00:00\",\"dateModified\":\"2026-02-26T17:13:17+00:00\",\"description\":\"Parcourez les immeubles r\u00e9sidentiels de Monaco avec des informations cl\u00e9s et des d\u00e9tails de localisation. Un guide pratique des r\u00e9sidences les plus reconnues de la Principaut\u00e9.\",\"breadcrumb\":{\"@id\":\"https:\/\/theagency.mc\/fr\/immeubles-a-monaco\/#breadcrumb\"},\"inLanguage\":\"fr-FR\",\"potentialAction\":[{\"@type\":\"ReadAction\",\"target\":[\"https:\/\/theagency.mc\/fr\/immeubles-a-monaco\/\"]}]},{\"@type\":\"ImageObject\",\"inLanguage\":\"fr-FR\",\"@id\":\"https:\/\/theagency.mc\/fr\/immeubles-a-monaco\/#primaryimage\",\"url\":\"https:\/\/theagency.mc\/wp-content\/uploads\/2026\/02\/rishi-jhajharia-1CkSNmbT7J0-unsplash-3-scaled.jpg\",\"contentUrl\":\"https:\/\/theagency.mc\/wp-content\/uploads\/2026\/02\/rishi-jhajharia-1CkSNmbT7J0-unsplash-3-scaled.jpg\"},{\"@type\":\"BreadcrumbList\",\"@id\":\"https:\/\/theagency.mc\/fr\/immeubles-a-monaco\/#breadcrumb\",\"itemListElement\":[{\"@type\":\"ListItem\",\"position\":1,\"name\":\"Accueil\",\"item\":\"https:\/\/theagency.mc\/fr\/\"},{\"@type\":\"ListItem\",\"position\":2,\"name\":\"Immeubles \u00e0 Monaco\"}]},{\"@type\":\"WebSite\",\"@id\":\"https:\/\/theagency.mc\/fr\/#website\",\"url\":\"https:\/\/theagency.mc\/fr\/\",\"name\":\"The Agency Monaco | Luxury Real-Estate\",\"description\":\"The Agency is a Monaco-based real estate advisory offering a discreet, structured, and long-term approach to property transactions. We operate as a private office, focused on clarity, trust, and architectural quality.\",\"publisher\":{\"@id\":\"https:\/\/theagency.mc\/fr\/#organization\"},\"potentialAction\":[{\"@type\":\"SearchAction\",\"target\":{\"@type\":\"EntryPoint\",\"urlTemplate\":\"https:\/\/theagency.mc\/fr\/?s={search_term_string}\"},\"query-input\":{\"@type\":\"PropertyValueSpecification\",\"valueRequired\":true,\"valueName\":\"search_term_string\"}}],\"inLanguage\":\"fr-FR\"},{\"@type\":\"Organization\",\"@id\":\"https:\/\/theagency.mc\/fr\/#organization\",\"name\":\"The Agency Monaco | Immobilier de luxe\",\"url\":\"https:\/\/theagency.mc\/fr\/\",\"logo\":{\"@type\":\"ImageObject\",\"inLanguage\":\"fr-FR\",\"@id\":\"https:\/\/theagency.mc\/fr\/#\/schema\/logo\/image\/\",\"url\":\"https:\/\/theagency.mc\/wp-content\/uploads\/2026\/02\/Favicon.png\",\"contentUrl\":\"https:\/\/theagency.mc\/wp-content\/uploads\/2026\/02\/Favicon.png\",\"width\":500,\"height\":500,\"caption\":\"The Agency Monaco | Immobilier de luxe\"},\"image\":{\"@id\":\"https:\/\/theagency.mc\/fr\/#\/schema\/logo\/image\/\"}}]}<\/script>\n<!-- \/ Yoast SEO plugin. -->","yoast_head_json":{"title":"Immeubles \u00e0 Monaco | Guide complet des r\u00e9sidences & adresses","description":"Parcourez les immeubles r\u00e9sidentiels de Monaco avec des informations cl\u00e9s et des d\u00e9tails de localisation. Un guide pratique des r\u00e9sidences les plus reconnues de la Principaut\u00e9.","robots":{"index":"index","follow":"follow","max-snippet":"max-snippet:-1","max-image-preview":"max-image-preview:large","max-video-preview":"max-video-preview:-1"},"canonical":"https:\/\/theagency.mc\/fr\/immeubles-a-monaco\/","og_locale":"fr_FR","og_type":"article","og_title":"Immeubles \u00e0 Monaco | Guide complet des r\u00e9sidences & adresses","og_description":"Parcourez les immeubles r\u00e9sidentiels de Monaco avec des informations cl\u00e9s et des d\u00e9tails de localisation. Un guide pratique des r\u00e9sidences les plus reconnues de la Principaut\u00e9.","og_url":"https:\/\/theagency.mc\/fr\/immeubles-a-monaco\/","og_site_name":"The Agency Monaco | Luxury Real-Estate","article_modified_time":"2026-02-26T17:13:17+00:00","og_image":[{"width":2560,"height":1280,"url":"https:\/\/theagency.mc\/wp-content\/uploads\/2026\/02\/rishi-jhajharia-1CkSNmbT7J0-unsplash-3-scaled.jpg","type":"image\/jpeg"}],"twitter_card":"summary_large_image","schema":{"@context":"https:\/\/schema.org","@graph":[{"@type":"WebPage","@id":"https:\/\/theagency.mc\/fr\/immeubles-a-monaco\/","url":"https:\/\/theagency.mc\/fr\/immeubles-a-monaco\/","name":"Immeubles \u00e0 Monaco | Guide complet des r\u00e9sidences & adresses","isPartOf":{"@id":"https:\/\/theagency.mc\/fr\/#website"},"primaryImageOfPage":{"@id":"https:\/\/theagency.mc\/fr\/immeubles-a-monaco\/#primaryimage"},"image":{"@id":"https:\/\/theagency.mc\/fr\/immeubles-a-monaco\/#primaryimage"},"thumbnailUrl":"https:\/\/theagency.mc\/wp-content\/uploads\/2026\/02\/rishi-jhajharia-1CkSNmbT7J0-unsplash-3-scaled.jpg","datePublished":"2026-02-12T14:23:54+00:00","dateModified":"2026-02-26T17:13:17+00:00","description":"Parcourez les immeubles r\u00e9sidentiels de Monaco avec des informations cl\u00e9s et des d\u00e9tails de localisation. Un guide pratique des r\u00e9sidences les plus reconnues de la Principaut\u00e9.","breadcrumb":{"@id":"https:\/\/theagency.mc\/fr\/immeubles-a-monaco\/#breadcrumb"},"inLanguage":"fr-FR","potentialAction":[{"@type":"ReadAction","target":["https:\/\/theagency.mc\/fr\/immeubles-a-monaco\/"]}]},{"@type":"ImageObject","inLanguage":"fr-FR","@id":"https:\/\/theagency.mc\/fr\/immeubles-a-monaco\/#primaryimage","url":"https:\/\/theagency.mc\/wp-content\/uploads\/2026\/02\/rishi-jhajharia-1CkSNmbT7J0-unsplash-3-scaled.jpg","contentUrl":"https:\/\/theagency.mc\/wp-content\/uploads\/2026\/02\/rishi-jhajharia-1CkSNmbT7J0-unsplash-3-scaled.jpg"},{"@type":"BreadcrumbList","@id":"https:\/\/theagency.mc\/fr\/immeubles-a-monaco\/#breadcrumb","itemListElement":[{"@type":"ListItem","position":1,"name":"Accueil","item":"https:\/\/theagency.mc\/fr\/"},{"@type":"ListItem","position":2,"name":"Immeubles \u00e0 Monaco"}]},{"@type":"WebSite","@id":"https:\/\/theagency.mc\/fr\/#website","url":"https:\/\/theagency.mc\/fr\/","name":"The Agency Monaco | Luxury Real-Estate","description":"The Agency is a Monaco-based real estate advisory offering a discreet, structured, and long-term approach to property transactions. We operate as a private office, focused on clarity, trust, and architectural quality.","publisher":{"@id":"https:\/\/theagency.mc\/fr\/#organization"},"potentialAction":[{"@type":"SearchAction","target":{"@type":"EntryPoint","urlTemplate":"https:\/\/theagency.mc\/fr\/?s={search_term_string}"},"query-input":{"@type":"PropertyValueSpecification","valueRequired":true,"valueName":"search_term_string"}}],"inLanguage":"fr-FR"},{"@type":"Organization","@id":"https:\/\/theagency.mc\/fr\/#organization","name":"The Agency Monaco | Immobilier de luxe","url":"https:\/\/theagency.mc\/fr\/","logo":{"@type":"ImageObject","inLanguage":"fr-FR","@id":"https:\/\/theagency.mc\/fr\/#\/schema\/logo\/image\/","url":"https:\/\/theagency.mc\/wp-content\/uploads\/2026\/02\/Favicon.png","contentUrl":"https:\/\/theagency.mc\/wp-content\/uploads\/2026\/02\/Favicon.png","width":500,"height":500,"caption":"The Agency Monaco | Immobilier de luxe"},"image":{"@id":"https:\/\/theagency.mc\/fr\/#\/schema\/logo\/image\/"}}]}},"_hostinger_reach_plugin_has_subscription_block":false,"_hostinger_reach_plugin_is_elementor":false,"_links":{"self":[{"href":"https:\/\/theagency.mc\/fr\/wp-json\/wp\/v2\/pages\/886","targetHints":{"allow":["GET"]}}],"collection":[{"href":"https:\/\/theagency.mc\/fr\/wp-json\/wp\/v2\/pages"}],"about":[{"href":"https:\/\/theagency.mc\/fr\/wp-json\/wp\/v2\/types\/page"}],"author":[{"embeddable":true,"href":"https:\/\/theagency.mc\/fr\/wp-json\/wp\/v2\/users\/1"}],"replies":[{"embeddable":true,"href":"https:\/\/theagency.mc\/fr\/wp-json\/wp\/v2\/comments?post=886"}],"version-history":[{"count":0,"href":"https:\/\/theagency.mc\/fr\/wp-json\/wp\/v2\/pages\/886\/revisions"}],"wp:attachment":[{"href":"https:\/\/theagency.mc\/fr\/wp-json\/wp\/v2\/media?parent=886"}],"curies":[{"name":"wp","href":"https:\/\/api.w.org\/{rel}","templated":true}]}}