{"id":878,"date":"2026-02-12T14:23:54","date_gmt":"2026-02-12T14:23:54","guid":{"rendered":"https:\/\/theagency.mc\/edifici-a-monaco\/"},"modified":"2026-02-26T17:13:17","modified_gmt":"2026-02-26T17:13:17","slug":"edifici-a-monaco","status":"publish","type":"page","link":"https:\/\/theagency.mc\/it\/edifici-a-monaco\/","title":{"rendered":"Edifici a Monaco"},"content":{"rendered":"\t\t<div data-elementor-type=\"wp-page\" data-elementor-id=\"878\" class=\"elementor elementor-878 elementor-120\" data-elementor-post-type=\"page\">\n\t\t\t\t<div class=\"elementor-element elementor-element-bdee278 e-flex e-con-boxed e-con e-parent\" data-id=\"bdee278\" data-element_type=\"container\" data-e-type=\"container\" data-settings=\"{&quot;background_background&quot;:&quot;classic&quot;}\">\n\t\t\t\t\t<div class=\"e-con-inner\">\n\t\t\t\t<div class=\"elementor-element elementor-element-bf3e142 elementor-widget elementor-widget-image\" data-id=\"bf3e142\" data-element_type=\"widget\" data-e-type=\"widget\" data-widget_type=\"image.default\">\n\t\t\t\t\t\t\t\t\t\t\t\t\t\t\t<img fetchpriority=\"high\" decoding=\"async\" width=\"2560\" height=\"1280\" src=\"https:\/\/theagency.mc\/wp-content\/uploads\/2026\/02\/rishi-jhajharia-1CkSNmbT7J0-unsplash-3-scaled.jpg\" class=\"attachment-full size-full wp-image-880\" alt=\"il porto di Monaco in una giornata di sole\" srcset=\"https:\/\/theagency.mc\/wp-content\/uploads\/2026\/02\/rishi-jhajharia-1CkSNmbT7J0-unsplash-3-scaled.jpg 2560w, https:\/\/theagency.mc\/wp-content\/uploads\/2026\/02\/rishi-jhajharia-1CkSNmbT7J0-unsplash-3-300x150.jpg 300w, https:\/\/theagency.mc\/wp-content\/uploads\/2026\/02\/rishi-jhajharia-1CkSNmbT7J0-unsplash-3-1024x512.jpg 1024w, https:\/\/theagency.mc\/wp-content\/uploads\/2026\/02\/rishi-jhajharia-1CkSNmbT7J0-unsplash-3-768x384.jpg 768w, https:\/\/theagency.mc\/wp-content\/uploads\/2026\/02\/rishi-jhajharia-1CkSNmbT7J0-unsplash-3-1536x768.jpg 1536w, https:\/\/theagency.mc\/wp-content\/uploads\/2026\/02\/rishi-jhajharia-1CkSNmbT7J0-unsplash-3-2048x1024.jpg 2048w\" sizes=\"(max-width: 2560px) 100vw, 2560px\" \/>\t\t\t\t\t\t\t\t\t\t\t\t\t\t\t<\/div>\n\t\t<div class=\"elementor-element elementor-element-591b58c e-flex e-con-boxed e-con e-child\" data-id=\"591b58c\" data-element_type=\"container\" data-e-type=\"container\">\n\t\t\t\t\t<div class=\"e-con-inner\">\n\t\t\t\t<div class=\"elementor-element elementor-element-7342bf4 elementor-invisible elementor-widget elementor-widget-heading\" data-id=\"7342bf4\" data-element_type=\"widget\" data-e-type=\"widget\" data-settings=\"{&quot;_animation&quot;:&quot;fadeInUp&quot;,&quot;_animation_delay&quot;:20}\" data-widget_type=\"heading.default\">\n\t\t\t\t\t<h1 class=\"elementor-heading-title elementor-size-default\">Edifici a Monaco<\/h1>\t\t\t\t<\/div>\n\t\t\t\t<div class=\"elementor-element elementor-element-fd2fc45 elementor-invisible elementor-widget elementor-widget-text-editor\" data-id=\"fd2fc45\" data-element_type=\"widget\" data-e-type=\"widget\" data-settings=\"{&quot;_animation&quot;:&quot;fadeInUp&quot;,&quot;_animation_delay&quot;:40}\" data-widget_type=\"text-editor.default\">\n\t\t\t\t\t\t\t\t\t<p class=\"p1\">Il panorama residenziale di Monaco \u00e8 caratterizzato da diversit\u00e0 architettonica ed esclusivit\u00e0. Dagli sviluppi iconici sul lungomare alle residenze intime nei quartieri storici, ogni edificio contribuisce all&#8217;identit\u00e0 del Principato. <\/p><p class=\"p1\">Esplora la nostra selezione curata di edifici residenziali di Monaco per ottenere informazioni su posizioni, servizi e ambienti di vita in ogni quartiere.<\/p>\t\t\t\t\t\t\t\t<\/div>\n\t\t\t\t\t<\/div>\n\t\t\t\t<\/div>\n\t\t\t\t\t<\/div>\n\t\t\t\t<\/div>\n\t\t\t\t<\/div>\n\t\t","protected":false},"excerpt":{"rendered":"<p>Edifici a Monaco Il panorama residenziale di Monaco \u00e8 caratterizzato da diversit\u00e0 architettonica ed esclusivit\u00e0. Dagli sviluppi iconici sul lungomare alle residenze intime nei quartieri storici, ogni edificio contribuisce all&#8217;identit\u00e0 del Principato. Esplora la nostra selezione curata di edifici residenziali di Monaco per ottenere informazioni su posizioni, servizi e ambienti di vita in ogni quartiere.<\/p>\n","protected":false},"author":1,"featured_media":0,"parent":0,"menu_order":0,"comment_status":"closed","ping_status":"closed","template":"","meta":{"_acf_changed":false,"footnotes":""},"class_list":["post-878","page","type-page","status-publish","hentry"],"acf":[],"yoast_head":"<!-- This site is optimized with the Yoast SEO plugin v27.2 - https:\/\/yoast.com\/product\/yoast-seo-wordpress\/ -->\n<title>Edifici a Monaco | Guida Completa a Residenze e Indirizzi<\/title>\n<meta name=\"description\" content=\"Esplora gli edifici residenziali di Monaco con informazioni chiave e dettagli sulla posizione. Una guida pratica alle residenze pi\u00f9 riconosciute del Principato.\" \/>\n<meta name=\"robots\" content=\"index, follow, max-snippet:-1, max-image-preview:large, max-video-preview:-1\" \/>\n<link rel=\"canonical\" href=\"https:\/\/theagency.mc\/it\/edifici-a-monaco\/\" \/>\n<meta property=\"og:locale\" content=\"it_IT\" \/>\n<meta property=\"og:type\" content=\"article\" \/>\n<meta property=\"og:title\" content=\"Edifici a Monaco | Guida Completa a Residenze e Indirizzi\" \/>\n<meta property=\"og:description\" content=\"Esplora gli edifici residenziali di Monaco con informazioni chiave e dettagli sulla posizione. Una guida pratica alle residenze pi\u00f9 riconosciute del Principato.\" \/>\n<meta property=\"og:url\" content=\"https:\/\/theagency.mc\/it\/edifici-a-monaco\/\" \/>\n<meta property=\"og:site_name\" content=\"The Agency Monaco | Luxury Real-Estate\" \/>\n<meta property=\"article:modified_time\" content=\"2026-02-26T17:13:17+00:00\" \/>\n<meta property=\"og:image\" content=\"https:\/\/theagency.mc\/wp-content\/uploads\/2026\/02\/rishi-jhajharia-1CkSNmbT7J0-unsplash-3-scaled.jpg\" \/>\n\t<meta property=\"og:image:width\" content=\"2560\" \/>\n\t<meta property=\"og:image:height\" content=\"1280\" \/>\n\t<meta property=\"og:image:type\" content=\"image\/jpeg\" \/>\n<meta name=\"twitter:card\" content=\"summary_large_image\" \/>\n<script type=\"application\/ld+json\" class=\"yoast-schema-graph\">{\"@context\":\"https:\/\/schema.org\",\"@graph\":[{\"@type\":\"WebPage\",\"@id\":\"https:\/\/theagency.mc\/it\/edifici-a-monaco\/\",\"url\":\"https:\/\/theagency.mc\/it\/edifici-a-monaco\/\",\"name\":\"Edifici a Monaco | Guida Completa a Residenze e Indirizzi\",\"isPartOf\":{\"@id\":\"https:\/\/theagency.mc\/it\/#website\"},\"primaryImageOfPage\":{\"@id\":\"https:\/\/theagency.mc\/it\/edifici-a-monaco\/#primaryimage\"},\"image\":{\"@id\":\"https:\/\/theagency.mc\/it\/edifici-a-monaco\/#primaryimage\"},\"thumbnailUrl\":\"https:\/\/theagency.mc\/wp-content\/uploads\/2026\/02\/rishi-jhajharia-1CkSNmbT7J0-unsplash-3-scaled.jpg\",\"datePublished\":\"2026-02-12T14:23:54+00:00\",\"dateModified\":\"2026-02-26T17:13:17+00:00\",\"description\":\"Esplora gli edifici residenziali di Monaco con informazioni chiave e dettagli sulla posizione. Una guida pratica alle residenze pi\u00f9 riconosciute del Principato.\",\"breadcrumb\":{\"@id\":\"https:\/\/theagency.mc\/it\/edifici-a-monaco\/#breadcrumb\"},\"inLanguage\":\"it-IT\",\"potentialAction\":[{\"@type\":\"ReadAction\",\"target\":[\"https:\/\/theagency.mc\/it\/edifici-a-monaco\/\"]}]},{\"@type\":\"ImageObject\",\"inLanguage\":\"it-IT\",\"@id\":\"https:\/\/theagency.mc\/it\/edifici-a-monaco\/#primaryimage\",\"url\":\"https:\/\/theagency.mc\/wp-content\/uploads\/2026\/02\/rishi-jhajharia-1CkSNmbT7J0-unsplash-3-scaled.jpg\",\"contentUrl\":\"https:\/\/theagency.mc\/wp-content\/uploads\/2026\/02\/rishi-jhajharia-1CkSNmbT7J0-unsplash-3-scaled.jpg\"},{\"@type\":\"BreadcrumbList\",\"@id\":\"https:\/\/theagency.mc\/it\/edifici-a-monaco\/#breadcrumb\",\"itemListElement\":[{\"@type\":\"ListItem\",\"position\":1,\"name\":\"Home\",\"item\":\"https:\/\/theagency.mc\/it\/\"},{\"@type\":\"ListItem\",\"position\":2,\"name\":\"Edifici a Monaco\"}]},{\"@type\":\"WebSite\",\"@id\":\"https:\/\/theagency.mc\/it\/#website\",\"url\":\"https:\/\/theagency.mc\/it\/\",\"name\":\"The Agency Monaco | Luxury Real-Estate\",\"description\":\"The Agency is a Monaco-based real estate advisory offering a discreet, structured, and long-term approach to property transactions. We operate as a private office, focused on clarity, trust, and architectural quality.\",\"publisher\":{\"@id\":\"https:\/\/theagency.mc\/it\/#organization\"},\"potentialAction\":[{\"@type\":\"SearchAction\",\"target\":{\"@type\":\"EntryPoint\",\"urlTemplate\":\"https:\/\/theagency.mc\/it\/?s={search_term_string}\"},\"query-input\":{\"@type\":\"PropertyValueSpecification\",\"valueRequired\":true,\"valueName\":\"search_term_string\"}}],\"inLanguage\":\"it-IT\"},{\"@type\":\"Organization\",\"@id\":\"https:\/\/theagency.mc\/it\/#organization\",\"name\":\"The Agency Monaco | Immobiliare di lusso\",\"url\":\"https:\/\/theagency.mc\/it\/\",\"logo\":{\"@type\":\"ImageObject\",\"inLanguage\":\"it-IT\",\"@id\":\"https:\/\/theagency.mc\/it\/#\/schema\/logo\/image\/\",\"url\":\"https:\/\/theagency.mc\/wp-content\/uploads\/2026\/02\/Favicon.png\",\"contentUrl\":\"https:\/\/theagency.mc\/wp-content\/uploads\/2026\/02\/Favicon.png\",\"width\":500,\"height\":500,\"caption\":\"The Agency Monaco | Immobiliare di lusso\"},\"image\":{\"@id\":\"https:\/\/theagency.mc\/it\/#\/schema\/logo\/image\/\"}}]}<\/script>\n<!-- \/ Yoast SEO plugin. -->","yoast_head_json":{"title":"Edifici a Monaco | Guida Completa a Residenze e Indirizzi","description":"Esplora gli edifici residenziali di Monaco con informazioni chiave e dettagli sulla posizione. Una guida pratica alle residenze pi\u00f9 riconosciute del Principato.","robots":{"index":"index","follow":"follow","max-snippet":"max-snippet:-1","max-image-preview":"max-image-preview:large","max-video-preview":"max-video-preview:-1"},"canonical":"https:\/\/theagency.mc\/it\/edifici-a-monaco\/","og_locale":"it_IT","og_type":"article","og_title":"Edifici a Monaco | Guida Completa a Residenze e Indirizzi","og_description":"Esplora gli edifici residenziali di Monaco con informazioni chiave e dettagli sulla posizione. Una guida pratica alle residenze pi\u00f9 riconosciute del Principato.","og_url":"https:\/\/theagency.mc\/it\/edifici-a-monaco\/","og_site_name":"The Agency Monaco | Luxury Real-Estate","article_modified_time":"2026-02-26T17:13:17+00:00","og_image":[{"width":2560,"height":1280,"url":"https:\/\/theagency.mc\/wp-content\/uploads\/2026\/02\/rishi-jhajharia-1CkSNmbT7J0-unsplash-3-scaled.jpg","type":"image\/jpeg"}],"twitter_card":"summary_large_image","schema":{"@context":"https:\/\/schema.org","@graph":[{"@type":"WebPage","@id":"https:\/\/theagency.mc\/it\/edifici-a-monaco\/","url":"https:\/\/theagency.mc\/it\/edifici-a-monaco\/","name":"Edifici a Monaco | Guida Completa a Residenze e Indirizzi","isPartOf":{"@id":"https:\/\/theagency.mc\/it\/#website"},"primaryImageOfPage":{"@id":"https:\/\/theagency.mc\/it\/edifici-a-monaco\/#primaryimage"},"image":{"@id":"https:\/\/theagency.mc\/it\/edifici-a-monaco\/#primaryimage"},"thumbnailUrl":"https:\/\/theagency.mc\/wp-content\/uploads\/2026\/02\/rishi-jhajharia-1CkSNmbT7J0-unsplash-3-scaled.jpg","datePublished":"2026-02-12T14:23:54+00:00","dateModified":"2026-02-26T17:13:17+00:00","description":"Esplora gli edifici residenziali di Monaco con informazioni chiave e dettagli sulla posizione. Una guida pratica alle residenze pi\u00f9 riconosciute del Principato.","breadcrumb":{"@id":"https:\/\/theagency.mc\/it\/edifici-a-monaco\/#breadcrumb"},"inLanguage":"it-IT","potentialAction":[{"@type":"ReadAction","target":["https:\/\/theagency.mc\/it\/edifici-a-monaco\/"]}]},{"@type":"ImageObject","inLanguage":"it-IT","@id":"https:\/\/theagency.mc\/it\/edifici-a-monaco\/#primaryimage","url":"https:\/\/theagency.mc\/wp-content\/uploads\/2026\/02\/rishi-jhajharia-1CkSNmbT7J0-unsplash-3-scaled.jpg","contentUrl":"https:\/\/theagency.mc\/wp-content\/uploads\/2026\/02\/rishi-jhajharia-1CkSNmbT7J0-unsplash-3-scaled.jpg"},{"@type":"BreadcrumbList","@id":"https:\/\/theagency.mc\/it\/edifici-a-monaco\/#breadcrumb","itemListElement":[{"@type":"ListItem","position":1,"name":"Home","item":"https:\/\/theagency.mc\/it\/"},{"@type":"ListItem","position":2,"name":"Edifici a Monaco"}]},{"@type":"WebSite","@id":"https:\/\/theagency.mc\/it\/#website","url":"https:\/\/theagency.mc\/it\/","name":"The Agency Monaco | Luxury Real-Estate","description":"The Agency is a Monaco-based real estate advisory offering a discreet, structured, and long-term approach to property transactions. We operate as a private office, focused on clarity, trust, and architectural quality.","publisher":{"@id":"https:\/\/theagency.mc\/it\/#organization"},"potentialAction":[{"@type":"SearchAction","target":{"@type":"EntryPoint","urlTemplate":"https:\/\/theagency.mc\/it\/?s={search_term_string}"},"query-input":{"@type":"PropertyValueSpecification","valueRequired":true,"valueName":"search_term_string"}}],"inLanguage":"it-IT"},{"@type":"Organization","@id":"https:\/\/theagency.mc\/it\/#organization","name":"The Agency Monaco | Immobiliare di lusso","url":"https:\/\/theagency.mc\/it\/","logo":{"@type":"ImageObject","inLanguage":"it-IT","@id":"https:\/\/theagency.mc\/it\/#\/schema\/logo\/image\/","url":"https:\/\/theagency.mc\/wp-content\/uploads\/2026\/02\/Favicon.png","contentUrl":"https:\/\/theagency.mc\/wp-content\/uploads\/2026\/02\/Favicon.png","width":500,"height":500,"caption":"The Agency Monaco | Immobiliare di lusso"},"image":{"@id":"https:\/\/theagency.mc\/it\/#\/schema\/logo\/image\/"}}]}},"_hostinger_reach_plugin_has_subscription_block":false,"_hostinger_reach_plugin_is_elementor":false,"_links":{"self":[{"href":"https:\/\/theagency.mc\/it\/wp-json\/wp\/v2\/pages\/878","targetHints":{"allow":["GET"]}}],"collection":[{"href":"https:\/\/theagency.mc\/it\/wp-json\/wp\/v2\/pages"}],"about":[{"href":"https:\/\/theagency.mc\/it\/wp-json\/wp\/v2\/types\/page"}],"author":[{"embeddable":true,"href":"https:\/\/theagency.mc\/it\/wp-json\/wp\/v2\/users\/1"}],"replies":[{"embeddable":true,"href":"https:\/\/theagency.mc\/it\/wp-json\/wp\/v2\/comments?post=878"}],"version-history":[{"count":0,"href":"https:\/\/theagency.mc\/it\/wp-json\/wp\/v2\/pages\/878\/revisions"}],"wp:attachment":[{"href":"https:\/\/theagency.mc\/it\/wp-json\/wp\/v2\/media?parent=878"}],"curies":[{"name":"wp","href":"https:\/\/api.w.org\/{rel}","templated":true}]}}